{"id":3,"date":"2024-03-07T08:01:25","date_gmt":"2024-03-07T08:01:25","guid":{"rendered":"http:\/\/casettedicalzata.eu\/?page_id=3"},"modified":"2026-01-24T13:31:56","modified_gmt":"2026-01-24T13:31:56","slug":"privacy-policy","status":"publish","type":"page","link":"https:\/\/casettedicalzata.com\/it\/privacy-policy\/","title":{"rendered":"Note legali e politica sulla privacy"},"content":{"rendered":"<h2 class=\"wp-block-heading\">Chi siamo<\/h2>\n\n\n\n<p class=\"has-small-font-size\">L&#039;indirizzo del nostro sito web \u00e8: http:\/\/casettedicalzata.eu.<br>Le Casette di Calzata offre alloggio e ospitalit\u00e0 con appartamenti per vacanze, gestisce un uliveto e produce e vende olio d&#039;oliva biologico artigianale.<\/p>\n\n\n\n<h2 class=\"wp-block-heading\">impronta<\/h2>\n\n\n\n<p class=\"has-small-font-size\"><br>Le Casette di Calzata di Andreas Lehmann e Frank Petereins <br>SNC Contrada Piana Calzata <br>90010 Lascari (PA) <br>Italia <br>PEC: casettedicalzata@pec.it <br>P. IVA: 07224190822 <br>Partita IVA: 07224190822 <br>Codice univoco: M5UXCR1<\/p>\n\n\n\n<h2 class=\"wp-block-heading\">Commenti<\/h2>\n\n\n\n<p class=\"has-small-font-size\">Quando i visitatori lasciano commenti sul sito web, raccogliamo i dati mostrati nel modulo dei commenti, nonch\u00e9 l&#039;indirizzo IP del visitatore e la stringa dello user agent del browser per facilitare il rilevamento dello spam.<\/p>\n\n\n\n<p class=\"has-small-font-size\">Una stringa anonima creata a partire dal tuo indirizzo email (chiamata anche hash) pu\u00f2 essere inviata al servizio Gravatar per verificare se lo stai utilizzando. L&#039;informativa sulla privacy di Gravatar \u00e8 disponibile qui: https:\/\/automattic.com\/privacy\/. Una volta approvato il tuo commento, la tua immagine del profilo sar\u00e0 visibile pubblicamente nel contesto del tuo commento.<\/p>\n\n\n\n<h2 class=\"wp-block-heading\">Immagini<\/h2>\n\n\n\n<p class=\"has-small-font-size\">Quando carichi immagini sul sito web, assicurati di non caricare immagini con dati di posizione incorporati (EXIF GPS). I visitatori del sito web possono estrarre questi dati di posizione dalle immagini.<\/p>\n\n\n\n<h2 class=\"wp-block-heading\">Biscotti<\/h2>\n\n\n\n<p class=\"has-small-font-size\">Quando lasci un commento sul nostro sito web, puoi facoltativamente salvare il tuo nome, indirizzo email e indirizzo del sito web nei cookie. Questo \u00e8 per tua comodit\u00e0, cos\u00ec non dovrai reinserire i tuoi dati quando lasci un altro commento. Questi cookie hanno una validit\u00e0 di un anno.<\/p>\n\n\n\n<p class=\"has-small-font-size\">Quando visiti la nostra pagina di registrazione, impostiamo un cookie temporaneo per determinare se il tuo browser accetta i cookie. Questo cookie non contiene dati personali e viene eliminato alla chiusura del browser.<\/p>\n\n\n\n<p class=\"has-small-font-size\">Quando effettui l&#039;accesso, memorizziamo diversi cookie per salvare le tue informazioni di accesso e le impostazioni dello schermo. I cookie di accesso durano due giorni, mentre i cookie delle impostazioni dello schermo durano un anno. Se selezioni &quot;Ricordami&quot;, rimarrai connesso per due settimane. Se effettui il logout, i cookie di accesso verranno eliminati.<\/p>\n\n\n\n<p class=\"has-small-font-size\">Quando modifichi o pubblichi un articolo, un cookie aggiuntivo viene memorizzato nel tuo browser. Questo cookie non contiene dati personali e memorizza solo l&#039;ID dell&#039;articolo modificato. Scade dopo un giorno.<\/p>\n\n\n\n<h2 class=\"wp-block-heading\">Contenuto incorporato da siti web<\/h2>\n\n\n\n<p class=\"has-small-font-size\">Gli articoli su questo sito web possono contenere contenuti incorporati (ad esempio video, immagini, articoli, ecc.). I contenuti incorporati di altri siti web si comportano allo stesso modo come se il visitatore avesse visitato l&#039;altro sito web.<\/p>\n\n\n\n<p class=\"has-small-font-size\">Questi siti web potrebbero raccogliere dati su di te, utilizzare cookie, integrare ulteriori tecnologie di tracciamento di terze parti e monitorare la tua interazione con questi contenuti incorporati, incluso il tracciamento della tua interazione con i contenuti incorporati se hai un account e hai effettuato l&#039;accesso a quel sito web.<\/p>\n\n\n\n<h2 class=\"wp-block-heading\">Con chi condividiamo i tuoi dati<\/h2>\n\n\n\n<p class=\"has-small-font-size\">Quando richiedi la reimpostazione della password, il tuo indirizzo IP verr\u00e0 incluso nell&#039;e-mail di reimpostazione della password.<\/p>\n\n\n\n<h2 class=\"wp-block-heading\">Per quanto tempo conserviamo i tuoi dati<\/h2>\n\n\n\n<p class=\"has-small-font-size\">Quando lasci un commento, questo e i relativi metadati vengono memorizzati in modo permanente. Questo ci consente di riconoscere e approvare automaticamente i commenti successivi, invece di archiviarli in una coda di moderazione.<\/p>\n\n\n\n<p class=\"has-small-font-size\">Per gli utenti che si registrano sul nostro sito web (ove applicabile), memorizziamo i dati personali forniti nel loro profilo utente. Tutti gli utenti possono visualizzare, modificare o cancellare i propri dati personali in qualsiasi momento (ad eccezione del nome utente). Anche gli amministratori del sito web possono visualizzare e modificare questi dati.<\/p>\n\n\n\n<h2 class=\"wp-block-heading\">Quali diritti hai sui tuoi dati<\/h2>\n\n\n\n<p class=\"has-small-font-size\">Se hai un account su questo sito web o hai lasciato commenti, puoi richiedere l&#039;esportazione dei tuoi dati personali da noi archiviati, inclusi tutti i dati che ci hai fornito. Puoi anche richiedere la cancellazione dei tuoi dati personali archiviati. Ci\u00f2 non si applica ai dati che siamo obbligati a conservare per motivi amministrativi, legali o di sicurezza.<\/p>\n\n\n\n<h2 class=\"wp-block-heading\">Con chi verranno condivisi i tuoi dati<\/h2>\n\n\n\n<p class=\"has-small-font-size\">I commenti dei visitatori potrebbero essere controllati tramite un servizio di rilevamento automatico dello spam.<\/p>","protected":false},"excerpt":{"rendered":"<p>Chi siamo. L&#039;indirizzo del nostro sito web \u00e8: http:\/\/casettedicalzata.eu. Le Casette di Calzata offre alloggio e ospitalit\u00e0 con appartamenti per vacanze, gestisce un uliveto e produce e vende olio d&#039;oliva biologico artigianale. Note legali: Le Casette di Calzata di Andreas Lehmann e Frank Petereins SNC, Contrada Piana Calzata, 90010 Lascari (PA), Italia. PEC: casettedicalzata@pec.it. IVA: 07224190822. Partita IVA: 07224190822. Codice univoco: M5UXCR1. Commenti: Quando i visitatori...&nbsp;<\/p>","protected":false},"author":4,"featured_media":0,"parent":0,"menu_order":0,"comment_status":"closed","ping_status":"closed","template":"","meta":{"neve_meta_sidebar":"","neve_meta_container":"","neve_meta_enable_content_width":"","neve_meta_content_width":0,"neve_meta_title_alignment":"","neve_meta_author_avatar":"","neve_post_elements_order":"","neve_meta_disable_header":"","neve_meta_disable_footer":"","neve_meta_disable_title":"","_themeisle_gutenberg_block_has_review":false,"footnotes":""},"class_list":["post-3","page","type-page","status-publish","hentry"],"_links":{"self":[{"href":"https:\/\/casettedicalzata.com\/it\/wp-json\/wp\/v2\/pages\/3","targetHints":{"allow":["GET"]}}],"collection":[{"href":"https:\/\/casettedicalzata.com\/it\/wp-json\/wp\/v2\/pages"}],"about":[{"href":"https:\/\/casettedicalzata.com\/it\/wp-json\/wp\/v2\/types\/page"}],"author":[{"embeddable":true,"href":"https:\/\/casettedicalzata.com\/it\/wp-json\/wp\/v2\/users\/4"}],"replies":[{"embeddable":true,"href":"https:\/\/casettedicalzata.com\/it\/wp-json\/wp\/v2\/comments?post=3"}],"version-history":[{"count":6,"href":"https:\/\/casettedicalzata.com\/it\/wp-json\/wp\/v2\/pages\/3\/revisions"}],"predecessor-version":[{"id":1455,"href":"https:\/\/casettedicalzata.com\/it\/wp-json\/wp\/v2\/pages\/3\/revisions\/1455"}],"wp:attachment":[{"href":"https:\/\/casettedicalzata.com\/it\/wp-json\/wp\/v2\/media?parent=3"}],"curies":[{"name":"parola chiave","href":"https:\/\/api.w.org\/{rel}","templated":true}]}}