{"id":7,"date":"2024-03-07T07:20:08","date_gmt":"2024-03-07T07:20:08","guid":{"rendered":"https:\/\/casettedicalzata.eu\/?page_id=7"},"modified":"2026-01-24T12:43:29","modified_gmt":"2026-01-24T12:43:29","slug":"home","status":"publish","type":"page","link":"https:\/\/casettedicalzata.com\/it\/","title":{"rendered":"Casette di Calzata"},"content":{"rendered":"\n<div id=\"wp-block-themeisle-blocks-advanced-columns-2c60bc77\" class=\"wp-block-themeisle-blocks-advanced-columns alignfull has-1-columns has-desktop-equal-layout has-tablet-equal-layout has-mobile-equal-layout has-vertical-unset has-vertical-undefined ticss-c00aadba\"><div class=\"wp-block-themeisle-blocks-advanced-columns-overlay\"><\/div><div class=\"innerblocks-wrap\">\n<div id=\"wp-block-themeisle-blocks-advanced-column-d25e4a8e\" class=\"wp-block-themeisle-blocks-advanced-column\"><div class=\"wp-block-image is-style-default\">\n<figure class=\"aligncenter size-full is-resized has-custom-border\"><img loading=\"lazy\" decoding=\"async\" width=\"449\" height=\"489\" src=\"https:\/\/casettedicalzata.com\/wp-content\/uploads\/2026\/01\/Casette_Logo-weiss-gross.png\" alt=\"\" class=\"wp-image-1277\" style=\"border-style:none;border-width:0px;border-radius:0px;width:200px\" srcset=\"https:\/\/casettedicalzata.com\/wp-content\/uploads\/2026\/01\/Casette_Logo-weiss-gross.png 449w, https:\/\/casettedicalzata.com\/wp-content\/uploads\/2026\/01\/Casette_Logo-weiss-gross-275x300.png 275w, https:\/\/casettedicalzata.com\/wp-content\/uploads\/2026\/01\/Casette_Logo-weiss-gross-11x12.png 11w\" sizes=\"auto, (max-width: 449px) 100vw, 449px\" \/><\/figure><\/div><\/div>\n<\/div><\/div>\n\n\n\n<div id=\"wp-block-themeisle-blocks-advanced-columns-ce6396fa\" class=\"wp-block-themeisle-blocks-advanced-columns has-1-columns has-desktop-equal-layout has-tablet-equal-layout has-mobile-equal-layout has-vertical-bottom ticss-c00aadba\"><div class=\"wp-block-themeisle-blocks-advanced-columns-overlay\"><\/div><div class=\"innerblocks-wrap\">\n<div id=\"wp-block-themeisle-blocks-advanced-column-f7962f05\" class=\"wp-block-themeisle-blocks-advanced-column\">\n<div id=\"wp-block-themeisle-blocks-advanced-columns-6db71284\" class=\"wp-block-themeisle-blocks-advanced-columns has-1-columns has-desktop-equal-layout has-tablet-equal-layout has-mobile-equal-layout has-vertical-center\"><div class=\"wp-block-themeisle-blocks-advanced-columns-overlay\"><\/div><div class=\"innerblocks-wrap\">\n<div id=\"wp-block-themeisle-blocks-advanced-column-59eebc65\" class=\"wp-block-themeisle-blocks-advanced-column\">\n<h4 id=\"wp-block-themeisle-blocks-advanced-heading-3271d48c\" class=\"wp-block-themeisle-blocks-advanced-heading wp-block-themeisle-blocks-advanced-heading-3271d48c ticss-746f35b4\"><strong>CIAO<\/strong><\/h4>\n\n\n\n<h2 id=\"wp-block-themeisle-blocks-advanced-heading-eb34c05f\" class=\"wp-block-themeisle-blocks-advanced-heading wp-block-themeisle-blocks-advanced-heading-eb34c05f\">Sie wollen den etwas anderen Urlaub?&nbsp;<\/h2>\n\n\n\n<p class=\"has-text-align-center has-text-color has-link-color wp-elements-02e0d899a757df4b29d9f3e2e29dab34\" style=\"color:#829474\"><br>Fernab der \u00fcblichen Touristenpfade und trotzdem zentral am Meer und den touristischen Highlights? <br>Sie wollen die Ruhe genie\u00dfen, trotzdem aber aktiv sein? <br>Am Morgen auf der Terrasse fr\u00fchst\u00fccken, tags\u00fcber am Pool entspannen und Abend den traumhaften Sonnenuntergang genie\u00dfen?<\/p>\n<\/div>\n<\/div><\/div>\n<\/div>\n<\/div><\/div>\n\n\n\n<div id=\"wp-block-themeisle-blocks-advanced-columns-784450ff\" class=\"wp-block-themeisle-blocks-advanced-columns alignfull has-1-columns has-desktop-equal-layout has-tablet-equal-layout has-mobile-equal-layout has-vertical-center ticss-c00aadba has-light-bg\"><div class=\"wp-block-themeisle-blocks-advanced-columns-overlay\"><\/div><div class=\"innerblocks-wrap\">\n<div id=\"wp-block-themeisle-blocks-advanced-column-d0fbfc0a\" class=\"wp-block-themeisle-blocks-advanced-column\">\n<div id=\"wp-block-themeisle-blocks-advanced-columns-f32a2609\" class=\"wp-block-themeisle-blocks-advanced-columns has-1-columns has-desktop-equal-layout has-tablet-equal-layout has-mobile-equal-layout has-vertical-center\"><div class=\"wp-block-themeisle-blocks-advanced-columns-overlay\"><\/div><div class=\"innerblocks-wrap\">\n<div id=\"wp-block-themeisle-blocks-advanced-column-3567d86b\" class=\"wp-block-themeisle-blocks-advanced-column\">\n<h4 id=\"wp-block-themeisle-blocks-advanced-heading-c9b521b8\" class=\"wp-block-themeisle-blocks-advanced-heading wp-block-themeisle-blocks-advanced-heading-c9b521b8 ticss-746f35b4\"><strong>BELISSIMA<\/strong><\/h4>\n\n\n\n<h2 id=\"wp-block-themeisle-blocks-advanced-heading-d5f71f32\" class=\"wp-block-themeisle-blocks-advanced-heading wp-block-themeisle-blocks-advanced-heading-d5f71f32\">Dann ist die Casette di Calzata der perfekte Ort f\u00fcr Sie.<\/h2>\n\n\n\n<p class=\"has-text-align-center\"><br>Genie\u00dfen Sie eine erholsame Zeit in dieser ruhigen und trotzdem zentral gelegenen Anlage. <br>Sie werden Sizilien von einer anderen Seite kennenlernen, sich verlieben und immer wieder zur\u00fcckkommen. <br>So wie Johann Wolfgang von Goethe und nach ihm viele viele Urlauber, die ihr Herz verschenkt haben.<\/p>\n<\/div>\n<\/div><\/div>\n<\/div>\n<\/div><\/div>\n\n\n\n<div id=\"wp-block-themeisle-blocks-advanced-columns-35825447\" class=\"wp-block-themeisle-blocks-advanced-columns alignfull has-2-columns has-desktop-equal-layout has-tablet-equal-layout has-mobile-collapsedRows-layout has-vertical-center ticss-c00aadba\"><div class=\"wp-block-themeisle-blocks-advanced-columns-overlay\"><\/div><div class=\"innerblocks-wrap\">\n<div id=\"wp-block-themeisle-blocks-advanced-column-fedc9d47\" class=\"wp-block-themeisle-blocks-advanced-column\">\n<figure class=\"wp-block-gallery has-nested-images columns-default is-cropped wp-block-gallery-1 is-layout-flex wp-block-gallery-is-layout-flex\">\n<figure class=\"wp-block-image size-full\" id=\"wp-block-themeisle-blocks-image-97d6694d\"><img decoding=\"async\" data-id=\"1118\" src=\"https:\/\/casettedicalzata.com\/enterprise\/wp-content\/uploads\/2025\/10\/CASETTECALZATA_NW-3452-scaled.jpg\" alt=\"\" class=\"wp-image-1118\" style=\"aspect-ratio:1;object-fit:cover\"\/><\/figure>\n<\/figure>\n<\/div>\n\n\n\n<div id=\"wp-block-themeisle-blocks-advanced-column-ed1b12ac\" class=\"wp-block-themeisle-blocks-advanced-column ticss-d80d53fb\">\n<h4 id=\"wp-block-themeisle-blocks-advanced-heading-746f35b4\" class=\"wp-block-themeisle-blocks-advanced-heading wp-block-themeisle-blocks-advanced-heading-746f35b4 ticss-746f35b4\">J. <strong>W.v. Goethe<\/strong><\/h4>\n\n\n\n<h2 id=\"wp-block-themeisle-blocks-advanced-heading-907f81bb\" class=\"wp-block-themeisle-blocks-advanced-heading wp-block-themeisle-blocks-advanced-heading-907f81bb\"><strong>Italien ohne Sizilien  macht gar kein Bild  in der Seele: hier ist erst  der Schl\u00fcssel zu allem.<\/strong><\/h2>\n\n\n\n<p id=\"wp-block-themeisle-blocks-advanced-heading-248b54fb\" class=\"wp-block-themeisle-blocks-advanced-heading wp-block-themeisle-blocks-advanced-heading-248b54fb\"><\/p>\n\n\n\n<p><br><\/p>\n<\/div>\n<\/div><\/div>\n\n\n\n<div id=\"wp-block-themeisle-blocks-advanced-columns-0756495c\" class=\"wp-block-themeisle-blocks-advanced-columns alignfull has-3-columns has-desktop-equal-layout has-tablet-equal-layout has-mobile-collapsedRows-layout has-vertical-unset has-light-bg\"><div class=\"wp-block-themeisle-blocks-advanced-columns-overlay\"><\/div><div class=\"innerblocks-wrap\">\n<div id=\"wp-block-themeisle-blocks-advanced-column-6e902b2a\" class=\"wp-block-themeisle-blocks-advanced-column animated fadeIn\">\n<figure class=\"wp-block-image size-large has-custom-border\"><img decoding=\"async\" src=\"https:\/\/casettedicalzata.com\/enterprise\/wp-content\/uploads\/2025\/10\/CASETTECALZATA_NW-3287-2-1024x683.jpg\" alt=\"\" class=\"wp-image-1180\" style=\"border-style:none;border-width:0px;border-radius:0px;object-fit:cover\"\/><\/figure>\n\n\n\n<div id=\"wp-block-themeisle-blocks-advanced-columns-e37edc14\" class=\"wp-block-themeisle-blocks-advanced-columns has-1-columns has-desktop-equal-layout has-tablet-equal-layout has-mobile-equal-layout has-vertical-unset has-light-bg\"><div class=\"wp-block-themeisle-blocks-advanced-columns-overlay\"><\/div><div class=\"innerblocks-wrap\">\n<div id=\"wp-block-themeisle-blocks-advanced-column-7030cb7b\" class=\"wp-block-themeisle-blocks-advanced-column\">\n<h4 class=\"wp-block-heading has-nv-dark-bg-color has-text-color has-link-color wp-elements-5a1b8092879d43047ba1e2910614ef16\">Die Ferienh\u00e4user<\/h4>\n\n\n\n<p class=\"has-nv-dark-bg-color has-text-color has-link-color wp-elements-549ab571b31cd048b126f21cd3f85b81\">Zwischen den beiden typisch sizilianischen St\u00e4dten Lascari und Campofelice di Rocella gelegen, erwarten Sie 9 Ferienh\u00e4user in einen 6 ha gro\u00dfen Olivenhain eingebettet. Ideal f\u00fcr Singles, Paare und Familien.<\/p>\n\n\n\n<h6 class=\"wp-block-heading has-text-color has-link-color wp-elements-8c469eca637f0d5c56ce86d9d0fada05\" style=\"color:#829474\"><a href=\"https:\/\/casettedicalzata.com\/ferienhauser\/\">Mehr erfahren<\/a><\/h6>\n<\/div>\n<\/div><\/div>\n<\/div>\n\n\n\n<div id=\"wp-block-themeisle-blocks-advanced-column-33e99253\" class=\"wp-block-themeisle-blocks-advanced-column animated fadeIn delay-500ms\">\n<figure class=\"wp-block-image size-large has-custom-border\"><img decoding=\"async\" src=\"https:\/\/casettedicalzata.com\/enterprise\/wp-content\/uploads\/2025\/10\/CASETTECALZATA_NW-4060-1024x683.jpg\" alt=\"\" class=\"wp-image-1183\" style=\"border-style:none;border-width:0px;border-radius:0px;object-fit:cover\"\/><\/figure>\n\n\n\n<div id=\"wp-block-themeisle-blocks-advanced-columns-ada2687f\" class=\"wp-block-themeisle-blocks-advanced-columns has-1-columns has-desktop-equal-layout has-tablet-equal-layout has-mobile-equal-layout has-vertical-unset has-light-bg\"><div class=\"wp-block-themeisle-blocks-advanced-columns-overlay\"><\/div><div class=\"innerblocks-wrap\">\n<div id=\"wp-block-themeisle-blocks-advanced-column-00013bfb\" class=\"wp-block-themeisle-blocks-advanced-column\">\n<h4 class=\"wp-block-heading has-nv-dark-bg-color has-text-color has-link-color wp-elements-ab3af1a2995ea41ea2fd70cc1bbcb610\">Die Region<\/h4>\n\n\n\n<p class=\"has-nv-dark-bg-color has-text-color has-link-color wp-elements-a2bb5f110bbb49ae55d1e5951e4446fc\">Genie\u00dfen Sie die Urspr\u00fcnglichkeit der St\u00e4dt Lascari und Campofelice di Rocella, nutzen Sie den weil\u00e4ufigen Strand, nur ca. 10 Minuten entfernt sowie den ebenfalls nur 10 Minuten entfernten Bahnhof.<\/p>\n\n\n\n<h6 class=\"wp-block-heading has-text-color has-link-color wp-elements-0c054610d18ff93d78fc91c1ab54e6e8\" style=\"color:#829474\"><\/h6>\n<\/div>\n<\/div><\/div>\n<\/div>\n\n\n\n<div id=\"wp-block-themeisle-blocks-advanced-column-2b312319\" class=\"wp-block-themeisle-blocks-advanced-column animated fadeIn delay-1s\">\n<figure class=\"wp-block-image size-large has-custom-border\"><img decoding=\"async\" src=\"https:\/\/casettedicalzata.com\/enterprise\/wp-content\/uploads\/2025\/10\/CASETTECALZATA_NW-3970-1024x683.jpg\" alt=\"\" class=\"wp-image-1182\" style=\"border-style:none;border-width:0px;border-radius:0px;object-fit:cover\"\/><\/figure>\n\n\n\n<div id=\"wp-block-themeisle-blocks-advanced-columns-b27500bd\" class=\"wp-block-themeisle-blocks-advanced-columns has-1-columns has-desktop-equal-layout has-tablet-equal-layout has-mobile-equal-layout has-vertical-unset has-light-bg animated fadeIn\"><div class=\"wp-block-themeisle-blocks-advanced-columns-overlay\"><\/div><div class=\"innerblocks-wrap\">\n<div id=\"wp-block-themeisle-blocks-advanced-column-e648a713\" class=\"wp-block-themeisle-blocks-advanced-column\">\n<h4 class=\"wp-block-heading has-nv-dark-bg-color has-text-color has-link-color wp-elements-ed9f41ab012c1c63d9f59fcf391f7bcd\">Unsere Produkte<\/h4>\n\n\n\n<p class=\"has-nv-dark-bg-color has-text-color has-link-color wp-elements-75c4632b6e79ed0d02943549b139bfd0\">In der Casette di Calzata selbst k\u00f6nnen Sie den eigenen Honig oder das eigene, biologisch zertifizierte Oliven\u00f6l erwerben. &nbsp;Ferner gibt es eine Weinauswahl von typisch sizilianischen Weinen. Lassen Sie sich \u00fcberzeugen<\/p>\n\n\n\n<h6 class=\"wp-block-heading has-text-color has-link-color wp-elements-e46ea9c80243d6e93f486c609d5abc58\" style=\"color:#829474\"><a href=\"https:\/\/casettedicalzata.com\/unsere-produkte\/\">Mehr erfahren<\/a><\/h6>\n<\/div>\n<\/div><\/div>\n<\/div>\n<\/div><\/div>\n\n\n\n<div id=\"wp-block-themeisle-blocks-advanced-columns-b159f827\" class=\"wp-block-themeisle-blocks-advanced-columns has-1-columns has-desktop-equal-layout has-tablet-equal-layout has-mobile-equal-layout has-vertical-bottom ticss-c00aadba\"><div class=\"wp-block-themeisle-blocks-advanced-columns-overlay\"><\/div><div class=\"innerblocks-wrap\">\n<div id=\"wp-block-themeisle-blocks-advanced-column-90f4f84c\" class=\"wp-block-themeisle-blocks-advanced-column\">\n<div id=\"wp-block-themeisle-blocks-advanced-columns-87396760\" class=\"wp-block-themeisle-blocks-advanced-columns has-1-columns has-desktop-equal-layout has-tablet-equal-layout has-mobile-equal-layout has-vertical-center\"><div class=\"wp-block-themeisle-blocks-advanced-columns-overlay\"><\/div><div class=\"innerblocks-wrap\">\n<div id=\"wp-block-themeisle-blocks-advanced-column-7d78402a\" class=\"wp-block-themeisle-blocks-advanced-column\">\n<h4 id=\"wp-block-themeisle-blocks-advanced-heading-b7c506d6\" class=\"wp-block-themeisle-blocks-advanced-heading wp-block-themeisle-blocks-advanced-heading-b7c506d6 ticss-746f35b4\"><strong>LA FAMILIA<\/strong><\/h4>\n\n\n\n<h2 id=\"wp-block-themeisle-blocks-advanced-heading-f48b3306\" class=\"wp-block-themeisle-blocks-advanced-heading wp-block-themeisle-blocks-advanced-heading-f48b3306\">Sie wollen den etwas anderen Urlaub?&nbsp;<\/h2>\n\n\n\n<p class=\"has-text-align-center has-text-color has-link-color wp-elements-d3f1d6d45a37a8ec8a66c9f832da6276\" style=\"color:#829474\"><br>Die Casette di Calzata ist nicht nur perfekt f\u00fcr naturbegeisterte Singles und Paare. <br>Familien mit Kindern sind besonders willkommen. Hier haben die Kinder wirklich \u201eAuslauf\u201c und k\u00f6nnen den ganzen Tag im Gr\u00fcnen toben. <br>Die Anlage ist zudem v\u00f6llig vom Strassenverkehr abgeschirmt. <br>Au\u00dferdem gibt es Freizeitaktivit\u00e4ten f\u00fcr Kinder und Erwachsene wie z. B. <br>einen Fu\u00dfballplatz, ein Badminton \u2013 oder Volleyballfeld, ein Trampolin, Tischtennis oder Tischfu\u00dfball. <br>F\u00fcr die ganz kleinen einen Sandkasten und nat\u00fcrlich zentral gelegen einen Pool.<\/p>\n\n\n\n<p class=\"has-text-align-center has-text-color has-link-color wp-elements-69777d856a95c2ebd7966df50b205687\" style=\"color:#829474\"><br>Auf Wunsch verw\u00f6hnen wir Sie mit unserem Br\u00f6tchenservice. <br>Frische Br\u00f6tchen werden Ihnen morgens bereitgestellt, damit Sie entspannt und genussvoll in den Tag starten k\u00f6nnen. <br><br>Am Abend erwartet Sie eine sorgf\u00e4ltig zusammengestellte Auswahl typisch sizilianischer Weine \u2013 ob kr\u00e4ftig, fruchtig oder elegant, unsere Weine erg\u00e4nzen die regionale K\u00fcche perfekt und laden zum Genie\u00dfen ein.<\/p>\n<\/div>\n<\/div><\/div>\n<\/div>\n<\/div><\/div>\n\n\n\n<div class=\"wp-block-buttons is-horizontal is-content-justification-center is-layout-flex wp-container-core-buttons-is-layout-d726338e wp-block-buttons-is-layout-flex\" style=\"padding-top:var(--wp--preset--spacing--80);padding-bottom:var(--wp--preset--spacing--80)\">\n<div class=\"wp-block-button\"><a class=\"wp-block-button__link has-background wp-element-button\" href=\"https:\/\/www.solemar-sicilia.it\/de\/ferienwohnung\/casette-di-calzata-2\/\" style=\"background-color:#829474\">Jetzt Ihren n\u00e4chsten Urlaub buchen!<\/a><\/div>\n<\/div>\n\n\n\n<div id=\"wp-block-themeisle-blocks-slider-aa93f20c\" class=\"wp-block-themeisle-blocks-slider glide\" data-per-view=\"1\" data-gap=\"0\" data-peek=\"0\" data-autoplay=\"true\" data-height=\"600px\" data-hide-arrows=\"false\"><div class=\"glide__track\" data-glide-el=\"track\"><div class=\"glide__slides\"><div class=\"wp-block-themeisle-blocks-slider-item-wrapper glide__slide\" tabindex=\"0\"><figure><img decoding=\"async\" class=\"wp-block-themeisle-blocks-slider-item\" src=\"https:\/\/casettedicalzata.com\/wp-content\/uploads\/2026\/01\/CASETTECALZATA_NW-3189-scaled.jpg\" alt=\"\" title=\"\" data-id=\"1406\"\/><\/figure><\/div><div class=\"wp-block-themeisle-blocks-slider-item-wrapper glide__slide\" tabindex=\"0\"><figure><img decoding=\"async\" class=\"wp-block-themeisle-blocks-slider-item\" src=\"https:\/\/casettedicalzata.com\/wp-content\/uploads\/2026\/01\/CASETTECALZATA_NW-3867-scaled.jpg\" alt=\"\" title=\"\" data-id=\"1405\"\/><\/figure><\/div><div class=\"wp-block-themeisle-blocks-slider-item-wrapper glide__slide\" tabindex=\"0\"><figure><img decoding=\"async\" class=\"wp-block-themeisle-blocks-slider-item\" src=\"https:\/\/casettedicalzata.com\/wp-content\/uploads\/2026\/01\/CASETTECALZATA_NW-3857-scaled.jpg\" alt=\"\" title=\"\" data-id=\"1402\"\/><\/figure><\/div><div class=\"wp-block-themeisle-blocks-slider-item-wrapper glide__slide\" tabindex=\"0\"><figure><img decoding=\"async\" class=\"wp-block-themeisle-blocks-slider-item\" src=\"https:\/\/casettedicalzata.com\/wp-content\/uploads\/2026\/01\/CASETTECALZATA_NW-3894-scaled.jpg\" alt=\"\" title=\"\" data-id=\"1401\"\/><\/figure><\/div><div class=\"wp-block-themeisle-blocks-slider-item-wrapper glide__slide\" tabindex=\"0\"><figure><img decoding=\"async\" class=\"wp-block-themeisle-blocks-slider-item\" src=\"https:\/\/casettedicalzata.com\/wp-content\/uploads\/2026\/01\/CASETTECALZATA_NW-3901-scaled.jpg\" alt=\"\" title=\"\" data-id=\"1404\"\/><\/figure><\/div><div class=\"wp-block-themeisle-blocks-slider-item-wrapper glide__slide\" tabindex=\"0\"><figure><img decoding=\"async\" class=\"wp-block-themeisle-blocks-slider-item\" src=\"https:\/\/casettedicalzata.com\/wp-content\/uploads\/2026\/01\/CASETTECALZATA_NW-3904-1-scaled.jpg\" alt=\"\" title=\"\" data-id=\"1407\"\/><\/figure><\/div><div class=\"wp-block-themeisle-blocks-slider-item-wrapper glide__slide\" tabindex=\"0\"><figure><img decoding=\"async\" class=\"wp-block-themeisle-blocks-slider-item\" src=\"https:\/\/casettedicalzata.com\/wp-content\/uploads\/2026\/01\/CASETTECALZATA_NW-3884-scaled.jpg\" alt=\"\" title=\"\" data-id=\"1408\"\/><\/figure><\/div><div class=\"wp-block-themeisle-blocks-slider-item-wrapper glide__slide\" tabindex=\"0\"><figure><img decoding=\"async\" class=\"wp-block-themeisle-blocks-slider-item\" src=\"https:\/\/casettedicalzata.com\/wp-content\/uploads\/2026\/01\/23-DJI_0054-scaled.jpg\" alt=\"\" title=\"\" data-id=\"1418\"\/><\/figure><\/div><div class=\"wp-block-themeisle-blocks-slider-item-wrapper glide__slide\" tabindex=\"0\"><figure><img decoding=\"async\" class=\"wp-block-themeisle-blocks-slider-item\" src=\"https:\/\/casettedicalzata.com\/wp-content\/uploads\/2026\/01\/19-DJI_0038-scaled.jpg\" alt=\"\" title=\"\" data-id=\"1417\"\/><\/figure><\/div><div class=\"wp-block-themeisle-blocks-slider-item-wrapper glide__slide\" tabindex=\"0\"><figure><img decoding=\"async\" class=\"wp-block-themeisle-blocks-slider-item\" src=\"https:\/\/casettedicalzata.com\/wp-content\/uploads\/2026\/01\/3-DJI_0003-scaled.jpg\" alt=\"\" title=\"\" data-id=\"1416\"\/><\/figure><\/div><\/div><div class=\"glide__bullets\" data-glide-el=\"controls[nav]\"><button class=\"glide__bullet\" data-glide-dir=\"=0\"><\/button><button class=\"glide__bullet\" data-glide-dir=\"=1\"><\/button><button class=\"glide__bullet\" data-glide-dir=\"=2\"><\/button><button class=\"glide__bullet\" data-glide-dir=\"=3\"><\/button><button class=\"glide__bullet\" data-glide-dir=\"=4\"><\/button><button class=\"glide__bullet\" data-glide-dir=\"=5\"><\/button><button class=\"glide__bullet\" data-glide-dir=\"=6\"><\/button><button class=\"glide__bullet\" data-glide-dir=\"=7\"><\/button><button class=\"glide__bullet\" data-glide-dir=\"=8\"><\/button><button class=\"glide__bullet\" data-glide-dir=\"=9\"><\/button><\/div><\/div><\/div>\n\n\n\n<div style=\"height:100px\" aria-hidden=\"true\" class=\"wp-block-spacer\"><\/div>\n","protected":false},"excerpt":{"rendered":"","protected":false},"author":4,"featured_media":0,"parent":0,"menu_order":0,"comment_status":"closed","ping_status":"closed","template":"","meta":{"neve_meta_sidebar":"","neve_meta_container":"","neve_meta_enable_content_width":"","neve_meta_content_width":0,"neve_meta_title_alignment":"","neve_meta_author_avatar":"","neve_post_elements_order":"","neve_meta_disable_header":"","neve_meta_disable_footer":"","neve_meta_disable_title":"","_themeisle_gutenberg_block_has_review":false,"footnotes":""},"class_list":["post-7","page","type-page","status-publish","hentry"],"_links":{"self":[{"href":"https:\/\/casettedicalzata.com\/it\/wp-json\/wp\/v2\/pages\/7","targetHints":{"allow":["GET"]}}],"collection":[{"href":"https:\/\/casettedicalzata.com\/it\/wp-json\/wp\/v2\/pages"}],"about":[{"href":"https:\/\/casettedicalzata.com\/it\/wp-json\/wp\/v2\/types\/page"}],"author":[{"embeddable":true,"href":"https:\/\/casettedicalzata.com\/it\/wp-json\/wp\/v2\/users\/4"}],"replies":[{"embeddable":true,"href":"https:\/\/casettedicalzata.com\/it\/wp-json\/wp\/v2\/comments?post=7"}],"version-history":[{"count":248,"href":"https:\/\/casettedicalzata.com\/it\/wp-json\/wp\/v2\/pages\/7\/revisions"}],"predecessor-version":[{"id":1431,"href":"https:\/\/casettedicalzata.com\/it\/wp-json\/wp\/v2\/pages\/7\/revisions\/1431"}],"wp:attachment":[{"href":"https:\/\/casettedicalzata.com\/it\/wp-json\/wp\/v2\/media?parent=7"}],"curies":[{"name":"parola chiave","href":"https:\/\/api.w.org\/{rel}","templated":true}]}}